{"id":8,"date":"2023-10-20T09:26:42","date_gmt":"2023-10-20T09:26:42","guid":{"rendered":"http:\/\/www.prototipa.es\/?page_id=8"},"modified":"2025-12-25T17:33:45","modified_gmt":"2025-12-25T17:33:45","slug":"inicio","status":"publish","type":"page","link":"https:\/\/www.prototipa.es\/","title":{"rendered":"Inicio"},"content":{"rendered":"\n<p><\/p>\n\n\n\n<p><\/p>\n\n\n\n<p><\/p>\n\n\n\n<div class=\"wp-block-cover alignfull\" style=\"min-height:100vh;aspect-ratio:unset;\"><img loading=\"lazy\" decoding=\"async\" width=\"960\" height=\"1280\" class=\"wp-block-cover__image-background wp-image-28\" alt=\"windmill, energy, wind power-123571.jpg\" src=\"http:\/\/www.prototipa.es\/wp-content\/uploads\/2023\/10\/windmill-energy-wind-power-123571.jpg\" data-object-fit=\"cover\" srcset=\"https:\/\/www.prototipa.es\/wp-content\/uploads\/2023\/10\/windmill-energy-wind-power-123571.jpg 960w, https:\/\/www.prototipa.es\/wp-content\/uploads\/2023\/10\/windmill-energy-wind-power-123571-225x300.jpg 225w, https:\/\/www.prototipa.es\/wp-content\/uploads\/2023\/10\/windmill-energy-wind-power-123571-768x1024.jpg 768w\" sizes=\"auto, (max-width: 960px) 100vw, 960px\" \/><span aria-hidden=\"true\" class=\"wp-block-cover__background has-background-dim wp-block-cover__gradient-background has-background-gradient\" style=\"background:linear-gradient(35deg,rgb(6,0,151) 0%,rgb(130,4,255) 73%,rgb(193,15,255) 100%)\"><\/span><div class=\"wp-block-cover__inner-container is-layout-flow wp-block-cover-is-layout-flow\">\n<div class=\"inherit-container-width wp-block-group alignwide is-layout-constrained wp-block-group-is-layout-constrained\">\n<div class=\"wp-block-media-text alignwide has-media-on-the-right is-stacked-on-mobile is-vertically-aligned-center\" style=\"grid-template-columns:auto 26%\"><div class=\"wp-block-media-text__content\">\n<h1 class=\"wp-block-heading has-text-align-left has-white-color has-text-color\">Dise\u00f1o de utillaje<\/h1>\n\n\n\n<p>Croquizados y dise\u00f1os 3D especializados en el sector e\u00f3lico.<\/p>\n\n\n\n<div class=\"wp-block-buttons is-layout-flex wp-block-buttons-is-layout-flex\">\n<div class=\"wp-block-button\"><a class=\"wp-block-button__link wp-element-button\" href=\"mailto:prototipa@prototipa.es\">CONSULTAR<\/a><\/div>\n<\/div>\n<\/div><figure class=\"wp-block-media-text__media\"><img loading=\"lazy\" decoding=\"async\" width=\"1024\" height=\"763\" src=\"http:\/\/www.prototipa.es\/wp-content\/uploads\/2023\/10\/FullLogo_Transparent_NoBuffer-1-1024x763.png\" alt=\"\" class=\"wp-image-39 size-full\" srcset=\"https:\/\/www.prototipa.es\/wp-content\/uploads\/2023\/10\/FullLogo_Transparent_NoBuffer-1-1024x763.png 1024w, https:\/\/www.prototipa.es\/wp-content\/uploads\/2023\/10\/FullLogo_Transparent_NoBuffer-1-300x224.png 300w, https:\/\/www.prototipa.es\/wp-content\/uploads\/2023\/10\/FullLogo_Transparent_NoBuffer-1-768x572.png 768w, https:\/\/www.prototipa.es\/wp-content\/uploads\/2023\/10\/FullLogo_Transparent_NoBuffer-1.png 1280w\" sizes=\"auto, (max-width: 1024px) 100vw, 1024px\" \/><\/figure><\/div>\n<\/div>\n<\/div><\/div>\n\n\n\n<div class=\"wp-block-group alignfull has-ast-global-color-5-background-color has-background is-layout-constrained wp-container-core-group-is-layout-9cedb757 wp-block-group-is-layout-constrained\" style=\"padding-bottom:0px\">\n<div class=\"wp-block-columns are-vertically-aligned-top is-layout-flex wp-container-core-columns-is-layout-00723822 wp-block-columns-is-layout-flex\">\n<div class=\"wp-block-column is-vertically-aligned-top is-layout-flow wp-container-core-column-is-layout-6b73ce23 wp-block-column-is-layout-flow\">\n<figure class=\"wp-block-image size-large\"><img decoding=\"async\" src=\"http:\/\/www.prototipa.es\/wp-content\/themes\/astra\/inc\/assets\/images\/starter-content\/building.svg\" alt=\"\" class=\"wp-image-134\"\/><\/figure>\n\n\n\n<h3 class=\"wp-block-heading has-text-align-left\" style=\"margin-top:16px\">Equipos<\/h3>\n\n\n\n<p class=\"has-text-align-left\">Contamos con los medios de dise\u00f1o 3D con flujo de trabajo m\u00e1s r\u00e1pido del mercado (Sharp3D), que nos facilita crear modificaciones de manera \u00e1gil.<\/p>\n<\/div>\n\n\n\n<div class=\"wp-block-column is-vertically-aligned-top is-layout-flow wp-container-core-column-is-layout-6b73ce23 wp-block-column-is-layout-flow\">\n<figure class=\"wp-block-image size-large\"><img decoding=\"async\" src=\"http:\/\/www.prototipa.es\/wp-content\/themes\/astra\/inc\/assets\/images\/starter-content\/shopping-bag.svg\" alt=\"\" class=\"wp-image-135\"\/><\/figure>\n\n\n\n<h3 class=\"wp-block-heading has-text-align-left\" style=\"margin-top:16px\">Servicio online <\/h3>\n\n\n\n<p class=\"has-text-align-left\">Contacto \u00e1gil a trav\u00e9s de correo electr\u00f3nico y WhastApp, que nos permiten dar servicio a cualquier parte del pa\u00eds. En todo el proceso se va informando de los avances optenidos.<\/p>\n<\/div>\n\n\n\n<div class=\"wp-block-column is-vertically-aligned-top is-layout-flow wp-container-core-column-is-layout-6b73ce23 wp-block-column-is-layout-flow\">\n<figure class=\"wp-block-image size-large\"><img decoding=\"async\" src=\"http:\/\/www.prototipa.es\/wp-content\/themes\/astra\/inc\/assets\/images\/starter-content\/blog.svg\" alt=\"\" class=\"wp-image-136\"\/><\/figure>\n\n\n\n<h3 class=\"wp-block-heading has-text-align-left\" style=\"margin-top:16px\">Desarrollos<\/h3>\n\n\n\n<p class=\"has-text-align-left\">Desarrollo de planos de fabricaci\u00f3n e instrucciones de montaje. Videotutoriales 3D para facilitar los trabajos de mantenimiento.<\/p>\n<\/div>\n\n\n\n<div class=\"wp-block-column is-vertically-aligned-top is-layout-flow wp-container-core-column-is-layout-6b73ce23 wp-block-column-is-layout-flow\">\n<figure class=\"wp-block-image size-large\"><img decoding=\"async\" src=\"http:\/\/www.prototipa.es\/wp-content\/themes\/astra\/inc\/assets\/images\/starter-content\/portfolio.svg\" alt=\"\" class=\"wp-image-137\"\/><\/figure>\n\n\n\n<h3 class=\"wp-block-heading has-text-align-left\" style=\"margin-top:16px\">Aportaci\u00f3n de ideas<\/h3>\n\n\n\n<p class=\"has-text-align-left\">Experiencia de m\u00e1s de 8 a\u00f1os en el dise\u00f1o de utillajes del sector e\u00f3lico y mejoras en el aerogenerador.<\/p>\n<\/div>\n<\/div>\n<\/div>\n\n\n\n<div class=\"wp-block-group alignfull is-layout-constrained wp-container-core-group-is-layout-45b0ac4f wp-block-group-is-layout-constrained\" id=\"services\" style=\"padding-top:144px;padding-bottom:0px\">\n<h2 class=\"wp-block-heading\">Que ofrecemos<\/h2>\n\n\n\n<div class=\"wp-block-columns is-layout-flex wp-container-core-columns-is-layout-60cbf9bb wp-block-columns-is-layout-flex\" style=\"margin-top:50px\">\n<div class=\"wp-block-column is-layout-flow wp-container-core-column-is-layout-6b73ce23 wp-block-column-is-layout-flow\">\n<figure class=\"wp-block-image size-full is-resized\"><img loading=\"lazy\" decoding=\"async\" width=\"985\" height=\"1024\" src=\"https:\/\/www.prototipa.es\/wp-content\/uploads\/2024\/05\/Captura-de-pantalla-2024-05-17-a-las-7.48.10.png\" alt=\"\" class=\"wp-image-61\" style=\"width:392px;height:auto\" srcset=\"https:\/\/www.prototipa.es\/wp-content\/uploads\/2024\/05\/Captura-de-pantalla-2024-05-17-a-las-7.48.10.png 985w, https:\/\/www.prototipa.es\/wp-content\/uploads\/2024\/05\/Captura-de-pantalla-2024-05-17-a-las-7.48.10-289x300.png 289w, https:\/\/www.prototipa.es\/wp-content\/uploads\/2024\/05\/Captura-de-pantalla-2024-05-17-a-las-7.48.10-768x798.png 768w\" sizes=\"auto, (max-width: 985px) 100vw, 985px\" \/><\/figure>\n\n\n\n<h3 class=\"wp-block-heading\" style=\"margin-top:16px\">Dise\u00f1os 3D personalizados<\/h3>\n\n\n\n<p>Convertimos una idea en papel en un dise\u00f1o 3D, que podr\u00e1s revisar y mejorar durante el proceso de desarrollo.<\/p>\n<\/div>\n\n\n\n<div class=\"wp-block-column is-layout-flow wp-container-core-column-is-layout-6b73ce23 wp-block-column-is-layout-flow\">\n<figure class=\"wp-block-image size-full is-resized\"><img loading=\"lazy\" decoding=\"async\" width=\"1094\" height=\"1416\" src=\"https:\/\/www.prototipa.es\/wp-content\/uploads\/2024\/05\/Captura-de-pantalla-2024-05-17-a-las-7.52.24.png\" alt=\"\" class=\"wp-image-60\" style=\"width:314px;height:auto\" srcset=\"https:\/\/www.prototipa.es\/wp-content\/uploads\/2024\/05\/Captura-de-pantalla-2024-05-17-a-las-7.52.24.png 1094w, https:\/\/www.prototipa.es\/wp-content\/uploads\/2024\/05\/Captura-de-pantalla-2024-05-17-a-las-7.52.24-232x300.png 232w, https:\/\/www.prototipa.es\/wp-content\/uploads\/2024\/05\/Captura-de-pantalla-2024-05-17-a-las-7.52.24-791x1024.png 791w, https:\/\/www.prototipa.es\/wp-content\/uploads\/2024\/05\/Captura-de-pantalla-2024-05-17-a-las-7.52.24-768x994.png 768w\" sizes=\"auto, (max-width: 1094px) 100vw, 1094px\" \/><\/figure>\n\n\n\n<h3 class=\"wp-block-heading\" style=\"margin-top:16px\">Desarrollo de planos<\/h3>\n\n\n\n<p>Desarrollamos planos de fabricaci\u00f3n y montaje de piezas.<\/p>\n<\/div>\n\n\n\n<div class=\"wp-block-column is-layout-flow wp-container-core-column-is-layout-6b73ce23 wp-block-column-is-layout-flow\">\n<figure class=\"wp-block-image size-full is-resized\"><img loading=\"lazy\" decoding=\"async\" width=\"1354\" height=\"1354\" src=\"https:\/\/www.prototipa.es\/wp-content\/uploads\/2024\/10\/10-edited.png\" alt=\"\" class=\"wp-image-68\" style=\"width:408px;height:auto\" srcset=\"https:\/\/www.prototipa.es\/wp-content\/uploads\/2024\/10\/10-edited.png 1354w, https:\/\/www.prototipa.es\/wp-content\/uploads\/2024\/10\/10-edited-300x300.png 300w, https:\/\/www.prototipa.es\/wp-content\/uploads\/2024\/10\/10-edited-1024x1024.png 1024w, https:\/\/www.prototipa.es\/wp-content\/uploads\/2024\/10\/10-edited-150x150.png 150w, https:\/\/www.prototipa.es\/wp-content\/uploads\/2024\/10\/10-edited-768x768.png 768w\" sizes=\"auto, (max-width: 1354px) 100vw, 1354px\" \/><\/figure>\n\n\n\n<h3 class=\"wp-block-heading\" style=\"margin-top:16px\">Croquizado de piezas<\/h3>\n\n\n\n<p>Capturamos la informaci\u00f3n de piezas ya fabricadas y hacemos la ingenier\u00eda inversa, creando un archivo 3D y plano 2D necesario para futuras fabricaciones.<\/p>\n<\/div>\n<\/div>\n<\/div>\n\n\n\n<div class=\"wp-block-group alignfull has-ast-global-color-5-background-color has-background is-layout-constrained wp-container-core-group-is-layout-94d206d0 wp-block-group-is-layout-constrained\" id=\"about\" style=\"padding-top:143px;padding-bottom:144px\">\n<div class=\"wp-block-media-text has-media-on-the-right is-stacked-on-mobile is-vertically-aligned-center\" style=\"grid-template-columns:auto 52%\"><div class=\"wp-block-media-text__content\">\n<div class=\"inherit-container-width wp-block-group is-layout-constrained wp-container-core-group-is-layout-47ce07ec wp-block-group-is-layout-constrained\" style=\"padding-right:80px\">\n<h3 class=\"wp-block-heading\" style=\"padding-right:40px\">Mejoras productivas y de seguridad en trabajos en aerogeneradores.<\/h3>\n\n\n\n<p>Dise\u00f1o de bancadas de transporte para multiplicadoras, ejes principales, tren de potencia y g\u00f3ndolas completas.<\/p>\n\n\n\n<p>Bancadas met\u00e1licas con marcado CE o plataformas de madera con tratamiento fitosanitario.<\/p>\n\n\n\n<p>Experiencia en el dise\u00f1o de utillaje para manipulaci\u00f3n de cargas en aerogeneradores: reductoras yaw, cilindros pitch, izado de semicarcasas para sustituci\u00f3n de componentes de la multiplicadora, etc.<\/p>\n<\/div>\n<\/div><figure class=\"wp-block-media-text__media\"><img loading=\"lazy\" decoding=\"async\" width=\"800\" height=\"571\" src=\"https:\/\/www.prototipa.es\/wp-content\/uploads\/2024\/05\/IMG_0903.jpg\" alt=\"\" class=\"wp-image-57 size-full\" srcset=\"https:\/\/www.prototipa.es\/wp-content\/uploads\/2024\/05\/IMG_0903.jpg 800w, https:\/\/www.prototipa.es\/wp-content\/uploads\/2024\/05\/IMG_0903-300x214.jpg 300w, https:\/\/www.prototipa.es\/wp-content\/uploads\/2024\/05\/IMG_0903-768x548.jpg 768w\" sizes=\"auto, (max-width: 800px) 100vw, 800px\" \/><\/figure><\/div>\n<\/div>\n\n\n\n<div class=\"wp-block-group alignfull has-ast-global-color-4-background-color has-background is-layout-constrained wp-container-core-group-is-layout-6a2cfb7b wp-block-group-is-layout-constrained\" id=\"reviews\">\n<figure class=\"wp-block-image size-large\"><img loading=\"lazy\" decoding=\"async\" width=\"1024\" height=\"543\" src=\"https:\/\/www.prototipa.es\/wp-content\/uploads\/2025\/12\/Captura-de-pantalla-2025-12-25-a-las-18.03.41-1024x543.png\" alt=\"\" class=\"wp-image-71\" srcset=\"https:\/\/www.prototipa.es\/wp-content\/uploads\/2025\/12\/Captura-de-pantalla-2025-12-25-a-las-18.03.41-1024x543.png 1024w, https:\/\/www.prototipa.es\/wp-content\/uploads\/2025\/12\/Captura-de-pantalla-2025-12-25-a-las-18.03.41-300x159.png 300w, https:\/\/www.prototipa.es\/wp-content\/uploads\/2025\/12\/Captura-de-pantalla-2025-12-25-a-las-18.03.41-768x408.png 768w, https:\/\/www.prototipa.es\/wp-content\/uploads\/2025\/12\/Captura-de-pantalla-2025-12-25-a-las-18.03.41-1536x815.png 1536w, https:\/\/www.prototipa.es\/wp-content\/uploads\/2025\/12\/Captura-de-pantalla-2025-12-25-a-las-18.03.41-2048x1087.png 2048w\" sizes=\"auto, (max-width: 1024px) 100vw, 1024px\" \/><\/figure>\n<\/div>\n\n\n\n<div class=\"wp-block-group alignfull is-layout-constrained wp-container-core-group-is-layout-3fee123f wp-block-group-is-layout-constrained\" id=\"whyus\" style=\"padding-top:144px;padding-bottom:144px\">\n<h2 class=\"wp-block-heading\">\u00bfQue valor diferencial aportamos?<\/h2>\n\n\n\n<div class=\"wp-block-columns is-layout-flex wp-container-core-columns-is-layout-29aadeec wp-block-columns-is-layout-flex\" style=\"margin-top:60px\">\n<div class=\"wp-block-column is-layout-flow wp-container-core-column-is-layout-6b73ce23 wp-block-column-is-layout-flow\">\n<figure class=\"wp-block-image size-large\"><img decoding=\"async\" src=\"http:\/\/www.prototipa.es\/wp-content\/themes\/astra\/inc\/assets\/images\/starter-content\/passionate.svg\" alt=\"\" class=\"wp-image-162\"\/><\/figure>\n\n\n\n<h3 class=\"wp-block-heading\" style=\"margin-top:16px\">Pasi\u00f3n<\/h3>\n\n\n\n<p>Formaci\u00f3n continua y b\u00fasquedas de herramientas que nos permiten transformar el conocimiento propio y de cliente en soluciones manufacturables.<\/p>\n<\/div>\n\n\n\n<div class=\"wp-block-column is-layout-flow wp-container-core-column-is-layout-6b73ce23 wp-block-column-is-layout-flow\">\n<figure class=\"wp-block-image size-large\"><img decoding=\"async\" src=\"http:\/\/www.prototipa.es\/wp-content\/themes\/astra\/inc\/assets\/images\/starter-content\/professional.svg\" alt=\"\" class=\"wp-image-163\"\/><\/figure>\n\n\n\n<h3 class=\"wp-block-heading\" style=\"margin-top:16px\">Profesionalidad<\/h3>\n\n\n\n<p>Compromiso y disponibilidad, capacidad de adaptaci\u00f3n a las necesidades del cliente.<\/p>\n<\/div>\n\n\n\n<div class=\"wp-block-column is-layout-flow wp-container-core-column-is-layout-6b73ce23 wp-block-column-is-layout-flow\">\n<figure class=\"wp-block-image size-large\"><img decoding=\"async\" src=\"http:\/\/www.prototipa.es\/wp-content\/themes\/astra\/inc\/assets\/images\/starter-content\/support.svg\" alt=\"\" class=\"wp-image-164\"\/><\/figure>\n\n\n\n<h3 class=\"wp-block-heading\" style=\"margin-top:16px\">Soporte<\/h3>\n\n\n\n<p>Te asesoramos en todo el proceso de dise\u00f1o y acompa\u00f1amos en posventa para conocer el feedback y posibles mejoras.<\/p>\n<\/div>\n<\/div>\n<\/div>\n\n\n\n<div class=\"wp-block-group alignfull has-background is-layout-constrained wp-container-core-group-is-layout-cfcca693 wp-block-group-is-layout-constrained\" id=\"contact\" style=\"background:linear-gradient(35deg,rgb(6,0,151) 0%,rgb(130,4,255) 64%,rgb(193,15,255) 98%);padding-top:104px;padding-bottom:104px\">\n<h2 class=\"wp-block-heading has-text-align-center has-text-color\" style=\"color:#ffffff\">Mejora los procesos de mantenimiento e\u00f3lico e incrementa la seguridad!<\/h2>\n\n\n\n<div class=\"wp-block-buttons alignwide is-horizontal is-content-justification-center is-layout-flex wp-container-core-buttons-is-layout-bba8380a wp-block-buttons-is-layout-flex\" style=\"margin-top:50px\">\n<div class=\"wp-block-button\"><a class=\"wp-block-button__link wp-element-button\" href=\"mailto:prototipa@prototipa.es\">Enviar correo electr\u00f3nico<\/a><\/div>\n<\/div>\n<\/div>\n","protected":false},"excerpt":{"rendered":"<p>Equipos Contamos con los medios de dise\u00f1o 3D con flujo de trabajo m\u00e1s r\u00e1pido del mercado (Sharp3D), que nos facilita crear modificaciones de manera \u00e1gil. Servicio online Contacto \u00e1gil a trav\u00e9s de correo electr\u00f3nico y WhastApp, que nos permiten dar servicio a cualquier parte del pa\u00eds. En todo el proceso se va informando de los [&hellip;]<\/p>\n","protected":false},"author":1,"featured_media":0,"parent":0,"menu_order":0,"comment_status":"closed","ping_status":"closed","template":"","meta":{"site-sidebar-layout":"no-sidebar","site-content-layout":"plain-container","ast-site-content-layout":"default","site-content-style":"default","site-sidebar-style":"default","ast-global-header-display":"","ast-banner-title-visibility":"","ast-main-header-display":"","ast-hfb-above-header-display":"","ast-hfb-below-header-display":"","ast-hfb-mobile-header-display":"","site-post-title":"disabled","ast-breadcrumbs-content":"","ast-featured-img":"","footer-sml-layout":"","ast-disable-related-posts":"","theme-transparent-header-meta":"enabled","adv-header-id-meta":"","stick-header-meta":"","header-above-stick-meta":"","header-main-stick-meta":"","header-below-stick-meta":"","astra-migrate-meta-layouts":"default","ast-page-background-enabled":"default","ast-page-background-meta":{"desktop":{"background-color":"var(--ast-global-color-4)","background-image":"","background-repeat":"repeat","background-position":"center center","background-size":"auto","background-attachment":"scroll","background-type":"","background-media":"","overlay-type":"","overlay-color":"","overlay-opacity":"","overlay-gradient":""},"tablet":{"background-color":"","background-image":"","background-repeat":"repeat","background-position":"center center","background-size":"auto","background-attachment":"scroll","background-type":"","background-media":"","overlay-type":"","overlay-color":"","overlay-opacity":"","overlay-gradient":""},"mobile":{"background-color":"","background-image":"","background-repeat":"repeat","background-position":"center center","background-size":"auto","background-attachment":"scroll","background-type":"","background-media":"","overlay-type":"","overlay-color":"","overlay-opacity":"","overlay-gradient":""}},"ast-content-background-meta":{"desktop":{"background-color":"var(--ast-global-color-5)","background-image":"","background-repeat":"repeat","background-position":"center center","background-size":"auto","background-attachment":"scroll","background-type":"","background-media":"","overlay-type":"","overlay-color":"","overlay-opacity":"","overlay-gradient":""},"tablet":{"background-color":"var(--ast-global-color-5)","background-image":"","background-repeat":"repeat","background-position":"center center","background-size":"auto","background-attachment":"scroll","background-type":"","background-media":"","overlay-type":"","overlay-color":"","overlay-opacity":"","overlay-gradient":""},"mobile":{"background-color":"var(--ast-global-color-5)","background-image":"","background-repeat":"repeat","background-position":"center center","background-size":"auto","background-attachment":"scroll","background-type":"","background-media":"","overlay-type":"","overlay-color":"","overlay-opacity":"","overlay-gradient":""}},"footnotes":""},"class_list":["post-8","page","type-page","status-publish","hentry"],"_links":{"self":[{"href":"https:\/\/www.prototipa.es\/index.php?rest_route=\/wp\/v2\/pages\/8","targetHints":{"allow":["GET"]}}],"collection":[{"href":"https:\/\/www.prototipa.es\/index.php?rest_route=\/wp\/v2\/pages"}],"about":[{"href":"https:\/\/www.prototipa.es\/index.php?rest_route=\/wp\/v2\/types\/page"}],"author":[{"embeddable":true,"href":"https:\/\/www.prototipa.es\/index.php?rest_route=\/wp\/v2\/users\/1"}],"replies":[{"embeddable":true,"href":"https:\/\/www.prototipa.es\/index.php?rest_route=%2Fwp%2Fv2%2Fcomments&post=8"}],"version-history":[{"count":16,"href":"https:\/\/www.prototipa.es\/index.php?rest_route=\/wp\/v2\/pages\/8\/revisions"}],"predecessor-version":[{"id":72,"href":"https:\/\/www.prototipa.es\/index.php?rest_route=\/wp\/v2\/pages\/8\/revisions\/72"}],"wp:attachment":[{"href":"https:\/\/www.prototipa.es\/index.php?rest_route=%2Fwp%2Fv2%2Fmedia&parent=8"}],"curies":[{"name":"wp","href":"https:\/\/api.w.org\/{rel}","templated":true}]}}